{"id":2,"date":"2014-03-17T12:33:02","date_gmt":"2014-03-17T12:33:02","guid":{"rendered":"http:\/\/catherinedoex.nexgate.ch\/?page_id=2"},"modified":"2024-04-05T17:42:42","modified_gmt":"2024-04-05T16:42:42","slug":"page-d-exemple","status":"publish","type":"page","link":"http:\/\/www.catherinedoex.ch\/?page_id=2","title":{"rendered":"Offres d&rsquo;animations"},"content":{"rendered":"<p><img decoding=\"async\" loading=\"lazy\" class=\"alignnone size-full wp-image-1465\" src=\"http:\/\/www.catherinedoex.ch\/wp-content\/uploads\/page-animations_2.jpg\" alt=\"\" width=\"8256\" height=\"5504\" srcset=\"http:\/\/www.catherinedoex.ch\/wp-content\/uploads\/page-animations_2.jpg 8256w, http:\/\/www.catherinedoex.ch\/wp-content\/uploads\/page-animations_2-300x200.jpg 300w, http:\/\/www.catherinedoex.ch\/wp-content\/uploads\/page-animations_2-1024x683.jpg 1024w, http:\/\/www.catherinedoex.ch\/wp-content\/uploads\/page-animations_2-768x512.jpg 768w, http:\/\/www.catherinedoex.ch\/wp-content\/uploads\/page-animations_2-1536x1024.jpg 1536w\" sizes=\"(max-width: 8256px) 100vw, 8256px\" \/><\/p>\n<p><span style=\"color: #ff00ff;\"><strong><span style=\"text-decoration: underline;\">SERVICES<\/span>\u00a0:<\/strong><\/span><\/p>\n<p>Animations de soir\u00e9es (mariages, partenariats, soir\u00e9es d\u2019entreprises, etc)\u00a0:<\/p>\n<p>&#8211; spectacle<\/p>\n<p>&#8211; accueil burlesque \u00e0 l\u2019ap\u00e9ritif<\/p>\n<p>&#8211; animations chant\u00e9es durant \u00a0 \u00a0la soir\u00e9e<\/p>\n<p>&#8211; discours burlesques.<\/p>\n<p><strong><em>Ces prestations peuvent \u00eatre solo ou accompagn\u00e9es de partenaires et d\u2019un musicien.<\/em><\/strong><\/p>\n<p><span style=\"color: #ff00ff;\"><strong><span style=\"text-decoration: underline;\">TARIFS<\/span>\u00a0:<\/strong><\/span><\/p>\n<p>A d\u00e9finir en fonction de la prestation.<\/p>\n<p><span style=\"color: #ff00ff;\"><strong><em>Les partenaires potentiels sont :<\/em><\/strong><\/span><\/p>\n<p style=\"text-align: center;\">Gallavin, chanteur (<span style=\"color: #cc99ff;\"><a href=\"http:\/\/www.gallavin.com\" target=\"_blank\" rel=\"noopener\"><span style=\"color: #cc99ff;\">www.gallavin.com<\/span><\/a><\/span>)<br \/>\nMoineau, accord\u00e9oniste, pianiste (<span style=\"color: #cc99ff;\"><a href=\"http:\/\/www.moineau.ch\" target=\"_blank\" rel=\"noopener\"><span style=\"color: #cc99ff;\">www.moineau.ch<\/span><\/a><\/span>)<br \/>\nGuy-Fran\u00e7ois Leuenberger, pianiste<br \/>\nPerrette Gonet, com\u00e9dienne<br \/>\nChristophe Bugnon, com\u00e9dien<br \/>\nAnnick Loretan, pianiste<br \/>\nAnna Crimella, guitariste<br \/>\nNo\u00ebl Antonini, com\u00e9dien<\/p>\n<p><span style=\"color: #ff00ff;\"><em>\u00a0<strong>Teaser \u00a0<\/strong><span style=\"color: #000000;\"><strong>\u00ab\u00a0Trois artistes, trois univers, une rencontre\u00a0\u00bb :<\/strong><br \/>\n<a href=\"http:\/\/youtu.be\/yX1eAcVivJM\" target=\"_blank\" rel=\"noopener\"><span style=\"color: #cc99ff;\">http:\/\/youtu.be\/yX1eAcVivJM<\/span><\/a><\/span><\/em><\/span><\/p>\n<p><em><strong><span style=\"color: #ff00ff;\">Dossiers de pr\u00e9sentation :<\/span><\/strong><\/em><\/p>\n<p><a href=\"http:\/\/www.catherinedoex.ch\/wp-content\/uploads\/Catherine_DOex_Presentation_A5_web.jpg\"><img decoding=\"async\" loading=\"lazy\" class=\"  wp-image-553 aligncenter\" src=\"http:\/\/www.catherinedoex.ch\/wp-content\/uploads\/Catherine_DOex_Presentation_A5_web.jpg\" alt=\"Catherine_DOex_Presentation_A5_web\" width=\"277\" height=\"393\" srcset=\"http:\/\/www.catherinedoex.ch\/wp-content\/uploads\/Catherine_DOex_Presentation_A5_web.jpg 874w, http:\/\/www.catherinedoex.ch\/wp-content\/uploads\/Catherine_DOex_Presentation_A5_web-211x300.jpg 211w, http:\/\/www.catherinedoex.ch\/wp-content\/uploads\/Catherine_DOex_Presentation_A5_web-722x1024.jpg 722w\" sizes=\"(max-width: 277px) 100vw, 277px\" \/><\/a><\/p>\n<p><a href=\"http:\/\/www.catherinedoex.ch\/wp-content\/uploads\/Catherine_DOex_Presentation_web_l\u00e9ger_assemblage_Panorama.jpg\"><img decoding=\"async\" loading=\"lazy\" class=\" size-full wp-image-550 aligncenter\" src=\"http:\/\/www.catherinedoex.ch\/wp-content\/uploads\/Catherine_DOex_Presentation_web_l\u00e9ger_assemblage_Panorama.jpg\" alt=\"Catherine_DOex_Presentation_web_l\u00e9ger_assemblage_Panorama\" width=\"3024\" height=\"1968\" srcset=\"http:\/\/www.catherinedoex.ch\/wp-content\/uploads\/Catherine_DOex_Presentation_web_l\u00e9ger_assemblage_Panorama.jpg 3024w, http:\/\/www.catherinedoex.ch\/wp-content\/uploads\/Catherine_DOex_Presentation_web_l\u00e9ger_assemblage_Panorama-300x195.jpg 300w, http:\/\/www.catherinedoex.ch\/wp-content\/uploads\/Catherine_DOex_Presentation_web_l\u00e9ger_assemblage_Panorama-1024x666.jpg 1024w\" sizes=\"(max-width: 3024px) 100vw, 3024px\" \/><\/a><\/p>\n<p><a href=\"http:\/\/www.catherinedoex.ch\/wp-content\/uploads\/Dossier_Trois-artistes.jpg\"><img decoding=\"async\" loading=\"lazy\" class=\"alignnone size-full wp-image-205\" src=\"http:\/\/www.catherinedoex.ch\/wp-content\/uploads\/Dossier_Trois-artistes.jpg\" alt=\"Dossier_Trois artistes\" width=\"1140\" height=\"895\" srcset=\"http:\/\/www.catherinedoex.ch\/wp-content\/uploads\/Dossier_Trois-artistes.jpg 1140w, http:\/\/www.catherinedoex.ch\/wp-content\/uploads\/Dossier_Trois-artistes-300x235.jpg 300w, http:\/\/www.catherinedoex.ch\/wp-content\/uploads\/Dossier_Trois-artistes-1024x803.jpg 1024w\" sizes=\"(max-width: 1140px) 100vw, 1140px\" \/><\/a> <a href=\"http:\/\/www.catherinedoex.ch\/wp-content\/uploads\/Dossier_trois-artiste_2.jpg\"><img decoding=\"async\" loading=\"lazy\" class=\"alignnone size-full wp-image-204\" src=\"http:\/\/www.catherinedoex.ch\/wp-content\/uploads\/Dossier_trois-artiste_2.jpg\" alt=\"Dossier_trois artiste_2\" width=\"1140\" height=\"895\" srcset=\"http:\/\/www.catherinedoex.ch\/wp-content\/uploads\/Dossier_trois-artiste_2.jpg 1140w, http:\/\/www.catherinedoex.ch\/wp-content\/uploads\/Dossier_trois-artiste_2-300x235.jpg 300w, http:\/\/www.catherinedoex.ch\/wp-content\/uploads\/Dossier_trois-artiste_2-1024x803.jpg 1024w\" sizes=\"(max-width: 1140px) 100vw, 1140px\" \/><\/a><\/p>\n","protected":false},"excerpt":{"rendered":"<p>SERVICES\u00a0: Animations de soir\u00e9es (mariages, partenariats, soir\u00e9es d\u2019entreprises, etc)\u00a0: &#8211; spectacle &#8211; accueil burlesque \u00e0 l\u2019ap\u00e9ritif &#8211; animations chant\u00e9es durant \u00a0 \u00a0la soir\u00e9e &#8211; discours burlesques. Ces prestations peuvent \u00eatre solo ou accompagn\u00e9es de partenaires et d\u2019un musicien. TARIFS\u00a0: A d\u00e9finir en fonction de la prestation. Les partenaires potentiels sont : Gallavin, chanteur (www.gallavin.com) Moineau, &hellip; <a href=\"http:\/\/www.catherinedoex.ch\/?page_id=2\" class=\"more-link\">Continuer la lecture de <span class=\"screen-reader-text\">Offres d&rsquo;animations<\/span> <span class=\"meta-nav\">&rarr;<\/span><\/a><\/p>\n","protected":false},"author":1,"featured_media":0,"parent":0,"menu_order":3,"comment_status":"closed","ping_status":"open","template":"","meta":[],"_links":{"self":[{"href":"http:\/\/www.catherinedoex.ch\/index.php?rest_route=\/wp\/v2\/pages\/2"}],"collection":[{"href":"http:\/\/www.catherinedoex.ch\/index.php?rest_route=\/wp\/v2\/pages"}],"about":[{"href":"http:\/\/www.catherinedoex.ch\/index.php?rest_route=\/wp\/v2\/types\/page"}],"author":[{"embeddable":true,"href":"http:\/\/www.catherinedoex.ch\/index.php?rest_route=\/wp\/v2\/users\/1"}],"replies":[{"embeddable":true,"href":"http:\/\/www.catherinedoex.ch\/index.php?rest_route=%2Fwp%2Fv2%2Fcomments&post=2"}],"version-history":[{"count":31,"href":"http:\/\/www.catherinedoex.ch\/index.php?rest_route=\/wp\/v2\/pages\/2\/revisions"}],"predecessor-version":[{"id":1488,"href":"http:\/\/www.catherinedoex.ch\/index.php?rest_route=\/wp\/v2\/pages\/2\/revisions\/1488"}],"wp:attachment":[{"href":"http:\/\/www.catherinedoex.ch\/index.php?rest_route=%2Fwp%2Fv2%2Fmedia&parent=2"}],"curies":[{"name":"wp","href":"https:\/\/api.w.org\/{rel}","templated":true}]}}