{"id":382,"date":"2014-12-02T23:02:40","date_gmt":"2014-12-02T22:02:40","guid":{"rendered":"http:\/\/www.catherinedoex.ch\/?page_id=382"},"modified":"2024-09-18T08:07:22","modified_gmt":"2024-09-18T07:07:22","slug":"cd-en-vente","status":"publish","type":"page","link":"http:\/\/www.catherinedoex.ch\/?page_id=382","title":{"rendered":"CDs en vente"},"content":{"rendered":"<h3 style=\"text-align: center;\"><span style=\"color: #993366;\"><em><strong>Guerri\u00e8res<\/strong><\/em><\/span><\/h3>\n<p style=\"text-align: center;\"><strong><span style=\"color: #000000;\">Suite \u00e0 une rencontre formidable avec Germain Umdenstock, nous avons cr\u00e9\u00e9 un spectacle <span style=\"caret-color: #000000;\">intitul\u00e9<\/span> \u00ab\u00a0Guerri\u00e8res\u00a0\u00bb, en hommage \u00e0 ces\u00a0<\/span><\/strong><strong><span style=\"color: #000000;\"><span style=\"caret-color: #000000;\">femmes c\u00e9l\u00e8bres qui m&rsquo;ont inspir\u00e9es.<br \/>\n<\/span><\/span>Germain a divinement arrang\u00e9 ces titres, pour une grande partie d&rsquo;entre eux, tr\u00e8s connus.<\/strong><\/p>\n<h5 style=\"text-align: center;\"><span style=\"color: #ff00ff;\"><strong>Ces chansons sont t\u00e9l\u00e9chargeables sur les plateformes l\u00e9gales&#8230;<\/strong><\/span><\/h5>\n<h3 style=\"text-align: center;\"><img decoding=\"async\" loading=\"lazy\" class=\"wp-image-1517 aligncenter\" src=\"http:\/\/www.catherinedoex.ch\/wp-content\/uploads\/Guerrieres_projet-couverture_23-11-05_page-0001.jpg\" alt=\"\" width=\"598\" height=\"299\" srcset=\"http:\/\/www.catherinedoex.ch\/wp-content\/uploads\/Guerrieres_projet-couverture_23-11-05_page-0001.jpg 1465w, http:\/\/www.catherinedoex.ch\/wp-content\/uploads\/Guerrieres_projet-couverture_23-11-05_page-0001-300x150.jpg 300w, http:\/\/www.catherinedoex.ch\/wp-content\/uploads\/Guerrieres_projet-couverture_23-11-05_page-0001-1024x512.jpg 1024w, http:\/\/www.catherinedoex.ch\/wp-content\/uploads\/Guerrieres_projet-couverture_23-11-05_page-0001-768x384.jpg 768w\" sizes=\"(max-width: 598px) 100vw, 598px\" \/> <img decoding=\"async\" loading=\"lazy\" class=\"wp-image-1514 aligncenter\" src=\"http:\/\/www.catherinedoex.ch\/wp-content\/uploads\/Guerrieres_int_projet_23-06-27-copie_page-0001.jpg\" alt=\"\" width=\"598\" height=\"299\" srcset=\"http:\/\/www.catherinedoex.ch\/wp-content\/uploads\/Guerrieres_int_projet_23-06-27-copie_page-0001.jpg 1465w, http:\/\/www.catherinedoex.ch\/wp-content\/uploads\/Guerrieres_int_projet_23-06-27-copie_page-0001-300x150.jpg 300w, http:\/\/www.catherinedoex.ch\/wp-content\/uploads\/Guerrieres_int_projet_23-06-27-copie_page-0001-1024x512.jpg 1024w, http:\/\/www.catherinedoex.ch\/wp-content\/uploads\/Guerrieres_int_projet_23-06-27-copie_page-0001-768x384.jpg 768w\" sizes=\"(max-width: 598px) 100vw, 598px\" \/><span style=\"color: #ff00ff;\"><strong>****************************<\/strong><\/span><\/h3>\n<h3 style=\"text-align: center;\"><span style=\"color: #993366;\"><em><strong>Si tu me payes un verre<\/strong><\/em><\/span><\/h3>\n<p style=\"text-align: center;\"><strong>Avec la complicit\u00e9 de Guy-Fran\u00e7ois Leuenberger j&rsquo;ai enregistr\u00e9 un nouveau CD, le pr\u00e9c\u00e9dent \u00e9voquait l&rsquo;amour dans tous ses \u00e9tats, celui-ci visite des vies, \u00e0 travers des chansons du grand r\u00e9pertoire francophone&#8230;<\/strong><\/p>\n<p><img decoding=\"async\" loading=\"lazy\" class=\"wp-image-813 alignnone\" src=\"http:\/\/www.catherinedoex.ch\/wp-content\/uploads\/pochette_web.jpg\" alt=\"\" width=\"766\" height=\"340\" srcset=\"http:\/\/www.catherinedoex.ch\/wp-content\/uploads\/pochette_web.jpg 1098w, http:\/\/www.catherinedoex.ch\/wp-content\/uploads\/pochette_web-300x133.jpg 300w, http:\/\/www.catherinedoex.ch\/wp-content\/uploads\/pochette_web-768x341.jpg 768w, http:\/\/www.catherinedoex.ch\/wp-content\/uploads\/pochette_web-1024x455.jpg 1024w\" sizes=\"(max-width: 766px) 100vw, 766px\" \/><\/p>\n<p style=\"text-align: center;\"><span style=\"color: #ff00ff;\"><strong>****************************<\/strong><\/span><\/p>\n<h3 style=\"text-align: center;\"><em><strong><span style=\"color: #993366;\">Enchant\u00e9e<\/span><\/strong><\/em><\/h3>\n<h5>Ces dix ann\u00e9es ont pass\u00e9 si vite, comme lorsque l\u2019on est amoureux.<\/h5>\n<p>Cette belle histoire d\u2019amour, entre vous et moi, continue \u00e0 m\u2019enchanter et me donne l\u2019envie de d\u00e9couvrir et red\u00e9couvrir les perles qui existent dans le grand r\u00e9pertoire de la chanson fran\u00e7aise.<\/p>\n<p><a style=\"text-align: center;\" href=\"http:\/\/www.catherinedoex.ch\/wp-content\/uploads\/verso-pochette_web2.jpg\"><img decoding=\"async\" loading=\"lazy\" class=\"alignleft wp-image-328\" src=\"http:\/\/www.catherinedoex.ch\/wp-content\/uploads\/verso-pochette_web2.jpg\" alt=\"digipack_2_volets_1CD\" width=\"319\" height=\"319\" srcset=\"http:\/\/www.catherinedoex.ch\/wp-content\/uploads\/verso-pochette_web2.jpg 1417w, http:\/\/www.catherinedoex.ch\/wp-content\/uploads\/verso-pochette_web2-150x150.jpg 150w, http:\/\/www.catherinedoex.ch\/wp-content\/uploads\/verso-pochette_web2-300x300.jpg 300w, http:\/\/www.catherinedoex.ch\/wp-content\/uploads\/verso-pochette_web2-1024x1024.jpg 1024w\" sizes=\"(max-width: 319px) 100vw, 319px\" \/><\/a><\/p>\n<p><a href=\"http:\/\/www.catherinedoex.ch\/wp-content\/uploads\/recto-pochette_web2.jpg\"><img decoding=\"async\" loading=\"lazy\" class=\"alignright wp-image-327\" src=\"http:\/\/www.catherinedoex.ch\/wp-content\/uploads\/recto-pochette_web2.jpg\" alt=\"digipack_2_volets_1CD\" width=\"317\" height=\"317\" srcset=\"http:\/\/www.catherinedoex.ch\/wp-content\/uploads\/recto-pochette_web2.jpg 1417w, http:\/\/www.catherinedoex.ch\/wp-content\/uploads\/recto-pochette_web2-150x150.jpg 150w, http:\/\/www.catherinedoex.ch\/wp-content\/uploads\/recto-pochette_web2-300x300.jpg 300w, http:\/\/www.catherinedoex.ch\/wp-content\/uploads\/recto-pochette_web2-1024x1024.jpg 1024w\" sizes=\"(max-width: 317px) 100vw, 317px\" \/><\/a><\/p>\n<h5 style=\"text-align: left;\">\u00a0<strong>Prix \u00a0:<\/strong><\/h5>\n<h4 style=\"text-align: center;\"><span style=\"color: #ff99cc;\">Pour la Suisse : Guerri\u00e8res_frs 25.&#8211; (+ frs 2.&#8211; pour l&rsquo;envoi)<br \/>\nles autres CD_ frs 20.&#8211; (+frs 2.&#8211; pour l&rsquo;envoi)<\/span><\/h4>\n<h4 style=\"text-align: center;\"><span style=\"color: #800080;\"><span style=\"color: #ff99cc;\">Pour la zone euro : Guerri\u00e8res_25 euros (+ 3 euros pour l&rsquo;envoi)<br \/>\nles autres CD_20 euros<\/span><\/span><span style=\"color: #800080;\"><span style=\"color: #ff99cc;\">(+ 3 euros pour l&rsquo;envoi)<\/span><\/span><\/h4>\n<h4 style=\"text-align: center;\"><strong>Vous pouvez payer par virement IBAN ou par TWINT<\/strong><\/h4>\n<h4 style=\"text-align: center;\"><strong>Vous pouvez \u00e9galement le t\u00e9l\u00e9charger sur les plateformes l\u00e9gales.<\/strong><\/h4>\n<h4 style=\"text-align: center;\"><strong>Merci de passer commande par mail<\/strong> : <span style=\"color: #ff00ff;\">pascalmorier@bluemail.ch<\/span><\/h4>\n","protected":false},"excerpt":{"rendered":"<p>Guerri\u00e8res Suite \u00e0 une rencontre formidable avec Germain Umdenstock, nous avons cr\u00e9\u00e9 un spectacle intitul\u00e9 \u00ab\u00a0Guerri\u00e8res\u00a0\u00bb, en hommage \u00e0 ces\u00a0femmes c\u00e9l\u00e8bres qui m&rsquo;ont inspir\u00e9es. Germain a divinement arrang\u00e9 ces titres, pour une grande partie d&rsquo;entre eux, tr\u00e8s connus. Ces chansons sont t\u00e9l\u00e9chargeables sur les plateformes l\u00e9gales&#8230; **************************** Si tu me payes un verre Avec la &hellip; <a href=\"http:\/\/www.catherinedoex.ch\/?page_id=382\" class=\"more-link\">Continuer la lecture de <span class=\"screen-reader-text\">CDs en vente<\/span> <span class=\"meta-nav\">&rarr;<\/span><\/a><\/p>\n","protected":false},"author":1,"featured_media":0,"parent":0,"menu_order":4,"comment_status":"closed","ping_status":"closed","template":"","meta":[],"_links":{"self":[{"href":"http:\/\/www.catherinedoex.ch\/index.php?rest_route=\/wp\/v2\/pages\/382"}],"collection":[{"href":"http:\/\/www.catherinedoex.ch\/index.php?rest_route=\/wp\/v2\/pages"}],"about":[{"href":"http:\/\/www.catherinedoex.ch\/index.php?rest_route=\/wp\/v2\/types\/page"}],"author":[{"embeddable":true,"href":"http:\/\/www.catherinedoex.ch\/index.php?rest_route=\/wp\/v2\/users\/1"}],"replies":[{"embeddable":true,"href":"http:\/\/www.catherinedoex.ch\/index.php?rest_route=%2Fwp%2Fv2%2Fcomments&post=382"}],"version-history":[{"count":17,"href":"http:\/\/www.catherinedoex.ch\/index.php?rest_route=\/wp\/v2\/pages\/382\/revisions"}],"predecessor-version":[{"id":1540,"href":"http:\/\/www.catherinedoex.ch\/index.php?rest_route=\/wp\/v2\/pages\/382\/revisions\/1540"}],"wp:attachment":[{"href":"http:\/\/www.catherinedoex.ch\/index.php?rest_route=%2Fwp%2Fv2%2Fmedia&parent=382"}],"curies":[{"name":"wp","href":"https:\/\/api.w.org\/{rel}","templated":true}]}}